{"id":33,"date":"2025-01-14T12:03:31","date_gmt":"2025-01-14T12:03:31","guid":{"rendered":"https:\/\/dummy.xtemos.com\/woodmart2\/marketplace2-elementor\/?page_id=33"},"modified":"2026-02-11T21:49:57","modified_gmt":"2026-02-11T18:49:57","slug":"track-you-order","status":"publish","type":"page","link":"https:\/\/www.toptancilarpazari.com\/index.php\/track-you-order\/","title":{"rendered":"Sipari\u015finizi Takip Edin"},"content":{"rendered":"\t\t<div data-elementor-type=\"wp-page\" data-elementor-id=\"33\" class=\"elementor elementor-33\">\n\t\t\t\t<div class=\"wd-negative-gap elementor-element elementor-element-d96f529 e-flex e-con-boxed e-con e-parent\" data-id=\"d96f529\" data-element_type=\"container\" data-e-type=\"container\">\n\t\t\t\t\t<div class=\"e-con-inner\">\n\t\t<div class=\"wd-sticky-container-lg elementor-element elementor-element-56812fb e-con-full wd-col-offcanvas-md-sm wd-col-offcanvas-sm e-flex wd-alignment-left e-con e-child\" data-id=\"56812fb\" data-element_type=\"container\" data-e-type=\"container\">\n\t\t\t\t<div class=\"elementor-element elementor-element-64e3cf4 elementor-widget elementor-widget-wd_mega_menu\" data-id=\"64e3cf4\" data-element_type=\"widget\" data-e-type=\"widget\" data-widget_type=\"wd_mega_menu.default\">\n\t\t\t\t<div class=\"elementor-widget-container\">\n\t\t\t\t\t\t\t<div class=\"wd-menu widget_nav_mega_menu\">\n\t\t\t\t\t\t<ul id=\"menu-sidebar-menu-marketplace-2\" class=\"menu wd-nav wd-nav-vertical wd-design-simple wd-gap-l\"><li id=\"menu-item-10657\" class=\"menu-item menu-item-type-post_type menu-item-object-page menu-item-10657 item-level-0 menu-simple-dropdown wd-event-hover\" ><a href=\"https:\/\/www.toptancilarpazari.com\/index.php\/track-you-order\/\" class=\"woodmart-nav-link\"><span class=\"nav-link-text\">Sipari\u015finizi Takip Edin<\/span><\/a><\/li>\n<li id=\"menu-item-10656\" class=\"menu-item menu-item-type-post_type menu-item-object-page menu-item-10656 item-level-0 menu-simple-dropdown wd-event-hover\" ><a href=\"https:\/\/www.toptancilarpazari.com\/index.php\/about-us\/\" class=\"woodmart-nav-link\"><span class=\"nav-link-text\">Hakk\u0131m\u0131zda<\/span><\/a><\/li>\n<li id=\"menu-item-10659\" class=\"menu-item menu-item-type-post_type menu-item-object-page menu-item-10659 item-level-0 menu-simple-dropdown wd-event-hover\" ><a href=\"https:\/\/www.toptancilarpazari.com\/index.php\/faqs\/\" class=\"woodmart-nav-link\"><span class=\"nav-link-text\">SSS<\/span><\/a><\/li>\n<li id=\"menu-item-10660\" class=\"menu-item menu-item-type-post_type menu-item-object-page menu-item-10660 item-level-0 menu-simple-dropdown wd-event-hover\" ><a href=\"https:\/\/www.toptancilarpazari.com\/index.php\/our-partners\/\" class=\"woodmart-nav-link\"><span class=\"nav-link-text\">Ortaklar\u0131m\u0131z<\/span><\/a><\/li>\n<li id=\"menu-item-10661\" class=\"menu-item menu-item-type-post_type menu-item-object-page menu-item-10661 item-level-0 menu-simple-dropdown wd-event-hover\" ><a href=\"https:\/\/www.toptancilarpazari.com\/index.php\/work-with-us\/\" class=\"woodmart-nav-link\"><span class=\"nav-link-text\">Bizimle \u00c7al\u0131\u015f\u0131n<\/span><\/a><\/li>\n<li id=\"menu-item-10658\" class=\"menu-item menu-item-type-post_type menu-item-object-page menu-item-10658 item-level-0 menu-simple-dropdown wd-event-hover\" ><a href=\"https:\/\/www.toptancilarpazari.com\/index.php\/contact-us\/\" class=\"woodmart-nav-link\"><span class=\"nav-link-text\">\u0130leti\u015fim<\/span><\/a><\/li>\n<\/ul>\t\t<\/div>\n\t\t\t\t\t\t<\/div>\n\t\t\t\t<\/div>\n\t\t\t\t<\/div>\n\t\t<div class=\"elementor-element elementor-element-227db15 e-con-full wd-col-content-md-sm wd-col-content-sm e-flex e-con e-child\" data-id=\"227db15\" data-element_type=\"container\" data-e-type=\"container\">\n\t\t\t\t<div class=\"elementor-element elementor-element-3ff5bd1 elementor-hidden-desktop wd-action-hide-btn elementor-widget elementor-widget-wd_builder_off_canvas_column_btn\" data-id=\"3ff5bd1\" data-element_type=\"widget\" data-e-type=\"widget\" data-widget_type=\"wd_builder_off_canvas_column_btn.default\">\n\t\t\t\t<div class=\"elementor-widget-container\">\n\t\t\t\t\t\n\t\t<div class=\"wd-off-canvas-btn wd-action-btn wd-style-text wd-burger-icon\">\n\t\t\t<a href=\"#\" rel=\"nofollow\">\n\t\t\t\t\t\t\t\tShow sidebar\t\t\t<\/a>\n\t\t<\/div>\n\n\t\t\t\t\t<div class=\"wd-sidebar-opener wd-show-on-scroll wd-action-btn wd-style-icon wd-burger-icon\">\n\t\t\t\t<a href=\"#\" rel=\"nofollow\">\n\t\t\t\t\t\t\t\t\t<\/a>\n\t\t\t<\/div>\n\t\t\t\t\t\t\t\t<\/div>\n\t\t\t\t<\/div>\n\t\t<div class=\"elementor-element elementor-element-bfdea65 e-con-full color-scheme-light e-flex e-con e-child\" data-id=\"bfdea65\" data-element_type=\"container\" data-e-type=\"container\" data-settings=\"{&quot;background_background&quot;:&quot;classic&quot;}\">\n\t\t<div class=\"elementor-element elementor-element-92463a3 e-con-full e-flex e-con e-child\" data-id=\"92463a3\" data-element_type=\"container\" data-e-type=\"container\">\n\t\t\t\t<div class=\"elementor-element elementor-element-8a2aaa0 wd-width-100 elementor-widget elementor-widget-wd_title\" data-id=\"8a2aaa0\" data-element_type=\"widget\" data-e-type=\"widget\" data-widget_type=\"wd_title.default\">\n\t\t\t\t<div class=\"elementor-widget-container\">\n\t\t\t\t\t\t\t<div class=\"title-wrapper wd-set-mb reset-last-child wd-title-color-default wd-title-style-default wd-title-size-default text-center\">\n\n\t\t\t\n\t\t\t<div class=\"liner-continer\">\n\t\t\t\t<h4 class=\"woodmart-title-container title wd-fontsize-l\">Sipari\u015f veya Ba\u015fvuru Sorgula<\/h4> \n\t\t\t\t\t\t\t<\/div>\n\n\t\t\t\t\t<\/div>\n\t\t\t\t\t\t<\/div>\n\t\t\t\t<\/div>\n\t\t\t\t<div class=\"elementor-element elementor-element-a7e4796 elementor-widget elementor-widget-shortcode\" data-id=\"a7e4796\" data-element_type=\"widget\" data-e-type=\"widget\" data-widget_type=\"shortcode.default\">\n\t\t\t\t\t\t\t<div class=\"elementor-shortcode\"><div class=\"woocommerce\"><\/div><\/div>\n\t\t\t\t\t\t<\/div>\n\t\t\t\t<\/div>\n\t\t\t\t<\/div>\n\t\t\t\t<div class=\"elementor-element elementor-element-ff772da elementor-widget__width-initial wd-width-100 elementor-widget elementor-widget-wd_title\" data-id=\"ff772da\" data-element_type=\"widget\" data-e-type=\"widget\" data-widget_type=\"wd_title.default\">\n\t\t\t\t<div class=\"elementor-widget-container\">\n\t\t\t\t\t\t\t<div class=\"title-wrapper wd-set-mb reset-last-child wd-title-color-default wd-title-style-default wd-title-size-default text-left\">\n\n\t\t\t\n\t\t\t<div class=\"liner-continer\">\n\t\t\t\t<h4 class=\"woodmart-title-container title wd-fontsize-l\">Hen\u00fcz \u00dcye De\u011fil misiniz?<\/h4> \n\t\t\t\t\t\t\t<\/div>\n\n\t\t\t\t\t\t\t<div class=\"title-after_title reset-last-child wd-fontsize-xs\">\n\t\t\t\t\t<p>Toptanc\u0131lar Pazar\u0131\u2019na kat\u0131larak T\u00fcrkiye geneli tedarik\u00e7i ve \u00fcr\u00fcn a\u011f\u0131na eri\u015febilirsiniz.<br \/>Toptan fiyatlar\u0131 g\u00f6rmek ve platform avantajlar\u0131ndan yararlanmak i\u00e7in \u00fcyelik gereklidir.<\/p>\t\t\t\t<\/div>\n\t\t\t\t\t<\/div>\n\t\t\t\t\t\t<\/div>\n\t\t\t\t<\/div>\n\t\t<div class=\"elementor-element elementor-element-856f841 e-con-full e-flex e-con e-child\" data-id=\"856f841\" data-element_type=\"container\" data-e-type=\"container\" data-settings=\"{&quot;background_background&quot;:&quot;classic&quot;}\">\n\t\t\t\t<div class=\"elementor-element elementor-element-2b46e29 elementor-widget wd-nested-carousel\" data-id=\"2b46e29\" data-element_type=\"widget\" data-e-type=\"widget\" data-widget_type=\"wd_nested_carousel.default\">\n\t\t\t\t<div class=\"elementor-widget-container\">\n\t\t\t\t\t\t\t<div class=\"wd-nested-carousel wd-carousel-container \">\n\t\t\t<div class=\"wd-carousel-inner\">\n\t\t\t\t<div class=\"wd-carousel wd-grid\" data-scroll_per_page=\"yes\" style=\"--wd-col-lg:4;--wd-col-md:3;--wd-col-sm:1;--wd-gap-lg:20px;--wd-gap-sm:10px;\">\n\t\t\t\t\t<div class=\"wd-carousel-wrap\">\n\t\t\t\t\t\t<div class=\"wd-carousel-item elementor-element elementor-element-13a93202 e-con-full e-flex e-con e-child\" data-id=\"13a93202\" data-element_type=\"container\" data-e-type=\"container\">\n\t\t<div class=\"wd-negative-gap elementor-element elementor-element-4beb1c92 e-flex e-con-boxed e-con e-child\" data-id=\"4beb1c92\" data-element_type=\"container\" data-e-type=\"container\">\n\t\t\t\t\t<div class=\"e-con-inner\">\n\t\t\t\t<div class=\"elementor-element elementor-element-7fd67043 elementor-widget elementor-widget-wd_infobox\" data-id=\"7fd67043\" data-element_type=\"widget\" data-e-type=\"widget\" data-widget_type=\"wd_infobox.default\">\n\t\t\t\t<div class=\"elementor-widget-container\">\n\t\t\t\t\t\t\t<div class=\"info-box-wrapper\">\n\t\t\t<div class=\"wd-info-box text-left box-icon-align-left box-style-base color-scheme-light wd-items-middle\">\n\t\t\t\t\t\t\t\t\t<div class=\"box-icon-wrapper  box-with-icon box-icon-simple\">\n\t\t\t\t\t\t<div class=\"info-box-icon\">\n\t\t\t\t\t\t\t\t\t\t\t\t\t\t\t<div class=\"info-svg-wrapper\" style=\"width:32px; height:32px;\"><img decoding=\"async\"  src=\"https:\/\/www.toptancilarpazari.com\/wp-content\/uploads\/2025\/01\/mp2-infobox-map-pointer.svg\" title=\"mp2-infobox-map-pointer\" loading=\"lazy\" width=\"32\" height=\"32\"><\/div>\t\t\t\t\t\t\t\t\t\t\t\t\t<\/div>\n\t\t\t\t\t<\/div>\n\t\t\t\t\n\t\t\t\t<div class=\"info-box-content\">\n\t\t\t\t\t\n\t\t\t\t\t\t\t\t\t\t\t<h4\t\t\t\t\t\tclass=\"info-box-title title box-title-style-default wd-fontsize-m\" data-elementor-setting-key=\"title\">\n\t\t\t\t\t\t\t\tT\u00fcrkiye Geneli Tedarik\u00e7i A\u011f\u0131\t\t\t\t\t\t<\/h4>\n\t\t\t\t\t\n\t\t\t\t\t<div class=\"info-box-inner reset-last-child\"data-elementor-setting-key=\"content\"><\/p>\n<p data-start=\"1054\" data-end=\"1115\">81 ilde \u00fcretici ve toptanc\u0131lar<\/p>\n<h3 data-start=\"1117\" data-end=\"1122\"><\/h3>\n<\/div>\n\n\t\t\t\t\t\t\t\t\t<\/div>\n\n\t\t\t\t\t\t\t<\/div>\n\t\t<\/div>\n\t\t\t\t\t\t<\/div>\n\t\t\t\t<\/div>\n\t\t\t\t\t<\/div>\n\t\t\t\t<\/div>\n\t\t\t\t<\/div>\n\t\t<div class=\"wd-carousel-item elementor-element elementor-element-7d422a4a e-con-full e-flex e-con e-child\" data-id=\"7d422a4a\" data-element_type=\"container\" data-e-type=\"container\">\n\t\t<div class=\"elementor-element elementor-element-32a2f6e7 e-con-full e-flex e-con e-child\" data-id=\"32a2f6e7\" data-element_type=\"container\" data-e-type=\"container\">\n\t\t\t\t<div class=\"elementor-element elementor-element-467c575f elementor-widget elementor-widget-wd_infobox\" data-id=\"467c575f\" data-element_type=\"widget\" data-e-type=\"widget\" data-widget_type=\"wd_infobox.default\">\n\t\t\t\t<div class=\"elementor-widget-container\">\n\t\t\t\t\t\t\t<div class=\"info-box-wrapper\">\n\t\t\t<div class=\"wd-info-box text-left box-icon-align-left box-style-base color-scheme-light wd-items-middle\">\n\t\t\t\t\t\t\t\t\t<div class=\"box-icon-wrapper  box-with-icon box-icon-simple\">\n\t\t\t\t\t\t<div class=\"info-box-icon\">\n\t\t\t\t\t\t\t\t\t\t\t\t\t\t\t<div class=\"info-svg-wrapper\" style=\"width:32px; height:32px;\"><img decoding=\"async\"  src=\"https:\/\/www.toptancilarpazari.com\/wp-content\/uploads\/2025\/01\/mp2-infobox-bundle.svg\" title=\"mp2-infobox-bundle\" loading=\"lazy\" width=\"32\" height=\"32\"><\/div>\t\t\t\t\t\t\t\t\t\t\t\t\t<\/div>\n\t\t\t\t\t<\/div>\n\t\t\t\t\n\t\t\t\t<div class=\"info-box-content\">\n\t\t\t\t\t\n\t\t\t\t\t\t\t\t\t\t\t<h4\t\t\t\t\t\tclass=\"info-box-title title box-title-style-default wd-fontsize-m\" data-elementor-setting-key=\"title\">\n\t\t\t\t\t\t\t\tPerakende ve Toptan Sat\u0131\u015f\t\t\t\t\t\t<\/h4>\n\t\t\t\t\t\n\t\t\t\t\t<div class=\"info-box-inner reset-last-child\"data-elementor-setting-key=\"content\"><\/p>\n<p data-start=\"1123\" data-end=\"1176\">Tek platformda \u00e7ift model<\/p>\n<h3 data-start=\"1178\" data-end=\"1183\"><\/h3>\n<\/div>\n\n\t\t\t\t\t\t\t\t\t<\/div>\n\n\t\t\t\t\t\t\t<\/div>\n\t\t<\/div>\n\t\t\t\t\t\t<\/div>\n\t\t\t\t<\/div>\n\t\t\t\t<\/div>\n\t\t\t\t<\/div>\n\t\t<div class=\"wd-carousel-item elementor-element elementor-element-5215107a e-con-full e-flex e-con e-child\" data-id=\"5215107a\" data-element_type=\"container\" data-e-type=\"container\">\n\t\t<div class=\"elementor-element elementor-element-7894f89d e-con-full e-flex e-con e-child\" data-id=\"7894f89d\" data-element_type=\"container\" data-e-type=\"container\">\n\t\t\t\t<div class=\"elementor-element elementor-element-229fd7aa elementor-widget elementor-widget-wd_infobox\" data-id=\"229fd7aa\" data-element_type=\"widget\" data-e-type=\"widget\" data-widget_type=\"wd_infobox.default\">\n\t\t\t\t<div class=\"elementor-widget-container\">\n\t\t\t\t\t\t\t<div class=\"info-box-wrapper\">\n\t\t\t<div class=\"wd-info-box text-left box-icon-align-left box-style-base color-scheme-light wd-items-middle\">\n\t\t\t\t\t\t\t\t\t<div class=\"box-icon-wrapper  box-with-icon box-icon-simple\">\n\t\t\t\t\t\t<div class=\"info-box-icon\">\n\t\t\t\t\t\t\t\t\t\t\t\t\t\t\t<div class=\"info-svg-wrapper\" style=\"width:32px; height:32px;\"><img decoding=\"async\"  src=\"https:\/\/www.toptancilarpazari.com\/wp-content\/uploads\/2025\/01\/mp2-infobox-like.svg\" title=\"mp2-infobox-like\" loading=\"lazy\" width=\"32\" height=\"32\"><\/div>\t\t\t\t\t\t\t\t\t\t\t\t\t<\/div>\n\t\t\t\t\t<\/div>\n\t\t\t\t\n\t\t\t\t<div class=\"info-box-content\">\n\t\t\t\t\t\n\t\t\t\t\t\t\t\t\t\t\t<h4\t\t\t\t\t\tclass=\"info-box-title title box-title-style-default wd-fontsize-m\" data-elementor-setting-key=\"title\">\n\t\t\t\t\t\t\t\tOnayl\u0131 \u00dcyelik Sistemi\t\t\t\t\t\t<\/h4>\n\t\t\t\t\t\n\t\t\t\t\t<div class=\"info-box-inner reset-last-child\"data-elementor-setting-key=\"content\"><\/p>\n<p data-start=\"1184\" data-end=\"1232\">G\u00fcvenilir ticaret ortam\u0131<\/p>\n<h3 data-start=\"1234\" data-end=\"1239\"><\/h3>\n<\/div>\n\n\t\t\t\t\t\t\t\t\t<\/div>\n\n\t\t\t\t\t\t\t<\/div>\n\t\t<\/div>\n\t\t\t\t\t\t<\/div>\n\t\t\t\t<\/div>\n\t\t\t\t<\/div>\n\t\t\t\t<\/div>\n\t\t<div class=\"wd-carousel-item elementor-element elementor-element-2e06ce74 e-con-full e-flex e-con e-child\" data-id=\"2e06ce74\" data-element_type=\"container\" data-e-type=\"container\">\n\t\t<div class=\"elementor-element elementor-element-445f8908 e-con-full e-flex e-con e-child\" data-id=\"445f8908\" data-element_type=\"container\" data-e-type=\"container\">\n\t\t\t\t<div class=\"elementor-element elementor-element-3ffedbf elementor-widget elementor-widget-wd_infobox\" data-id=\"3ffedbf\" data-element_type=\"widget\" data-e-type=\"widget\" data-widget_type=\"wd_infobox.default\">\n\t\t\t\t<div class=\"elementor-widget-container\">\n\t\t\t\t\t\t\t<div class=\"info-box-wrapper\">\n\t\t\t<div class=\"wd-info-box text-left box-icon-align-left box-style-base color-scheme-light wd-items-middle\">\n\t\t\t\t\t\t\t\t\t<div class=\"box-icon-wrapper  box-with-icon box-icon-simple\">\n\t\t\t\t\t\t<div class=\"info-box-icon\">\n\t\t\t\t\t\t\t\t\t\t\t\t\t\t\t<div class=\"info-svg-wrapper\" style=\"width:32px; height:32px;\"><img decoding=\"async\"  src=\"https:\/\/www.toptancilarpazari.com\/wp-content\/uploads\/2025\/01\/mp2-infobox-phone-clrd.svg\" title=\"mp2-infobox-phone-clrd\" loading=\"lazy\" width=\"32\" height=\"32\"><\/div>\t\t\t\t\t\t\t\t\t\t\t\t\t<\/div>\n\t\t\t\t\t<\/div>\n\t\t\t\t\n\t\t\t\t<div class=\"info-box-content\">\n\t\t\t\t\t\n\t\t\t\t\t\t\t\t\t\t\t<h4\t\t\t\t\t\tclass=\"info-box-title title box-title-style-default wd-fontsize-m\" data-elementor-setting-key=\"title\">\n\t\t\t\t\t\t\t\t7\/24 Destek\t\t\t\t\t\t<\/h4>\n\t\t\t\t\t\n\t\t\t\t\t<div class=\"info-box-inner reset-last-child\"data-elementor-setting-key=\"content\"><p>Whatsapp ile Canl\u0131 Destek<span style=\"font-size: 15px;color: var(--wd-text-color);text-align: var(--text-align)\"><\/span><\/p>\n<\/div>\n\n\t\t\t\t\t\t\t\t\t<\/div>\n\n\t\t\t\t\t\t\t<\/div>\n\t\t<\/div>\n\t\t\t\t\t\t<\/div>\n\t\t\t\t<\/div>\n\t\t\t\t<\/div>\n\t\t\t\t<\/div>\n\t\t\t\t\t\t\t<\/div>\n\t\t\t\t<\/div>\n\n\t\t\t\t\t\t\t\t\t\t\t<div class=\"wd-nav-arrows wd-pos-sep wd-hover-1 wd-icon-1\">\n\t\t\t<div class=\"wd-btn-arrow wd-prev wd-disabled\">\n\t\t\t\t<div class=\"wd-arrow-inner\"><\/div>\n\t\t\t<\/div>\n\t\t\t<div class=\"wd-btn-arrow wd-next\">\n\t\t\t\t<div class=\"wd-arrow-inner\"><\/div>\n\t\t\t<\/div>\n\t\t<\/div>\n\t\t\t\t\t\t\t\t\t<\/div>\n\n\t\t\t\t\t\t\t\t<\/div>\n\t\t\t\t\t\t<\/div>\n\t\t\t\t<\/div>\n\t\t\t\t<\/div>\n\t\t\t\t<\/div>\n\t\t\t\t\t<\/div>\n\t\t\t\t<\/div>\n\t\t\t\t<\/div>\n\t\t","protected":false},"excerpt":{"rendered":"<p>Track You Order About Us FAQs Our Partners Work With Us Contact Us Show sidebar Sipari\u015f veya Ba\u015fvuru Sorgula Hen\u00fcz<\/p>\n","protected":false},"author":1,"featured_media":0,"parent":0,"menu_order":0,"comment_status":"closed","ping_status":"closed","template":"","meta":{"footnotes":""},"class_list":["post-33","page","type-page","status-publish","hentry"],"_links":{"self":[{"href":"https:\/\/www.toptancilarpazari.com\/index.php\/wp-json\/wp\/v2\/pages\/33","targetHints":{"allow":["GET"]}}],"collection":[{"href":"https:\/\/www.toptancilarpazari.com\/index.php\/wp-json\/wp\/v2\/pages"}],"about":[{"href":"https:\/\/www.toptancilarpazari.com\/index.php\/wp-json\/wp\/v2\/types\/page"}],"author":[{"embeddable":true,"href":"https:\/\/www.toptancilarpazari.com\/index.php\/wp-json\/wp\/v2\/users\/1"}],"replies":[{"embeddable":true,"href":"https:\/\/www.toptancilarpazari.com\/index.php\/wp-json\/wp\/v2\/comments?post=33"}],"version-history":[{"count":7,"href":"https:\/\/www.toptancilarpazari.com\/index.php\/wp-json\/wp\/v2\/pages\/33\/revisions"}],"predecessor-version":[{"id":10766,"href":"https:\/\/www.toptancilarpazari.com\/index.php\/wp-json\/wp\/v2\/pages\/33\/revisions\/10766"}],"wp:attachment":[{"href":"https:\/\/www.toptancilarpazari.com\/index.php\/wp-json\/wp\/v2\/media?parent=33"}],"curies":[{"name":"wp","href":"https:\/\/api.w.org\/{rel}","templated":true}]}}